{"id":2125,"date":"2025-05-03T14:10:40","date_gmt":"2025-05-03T12:10:40","guid":{"rendered":"https:\/\/www.nitere.cz\/?page_id=2125"},"modified":"2025-05-22T20:23:14","modified_gmt":"2025-05-22T18:23:14","slug":"lp-2","status":"publish","type":"page","link":"https:\/\/www.nitere.cz\/","title":{"rendered":"LP"},"content":{"rendered":"\n    \n    <section class=\"u-clearfix u-shading u-section-2\" id=\"block-2\">\n      <div class=\"u-clearfix u-sheet u-valign-bottom-lg u-valign-bottom-sm u-sheet-1\"><\/div>\n    <\/section>\n    <section class=\"u-clearfix u-section-3\" id=\"sec-618f\">\n      <div class=\"u-clearfix u-sheet u-valign-bottom-xs u-valign-middle-xl u-valign-top-lg u-valign-top-md u-valign-top-sm u-sheet-1\">\n        <div class=\"u-video u-video-contain u-video-1\">\n          <div class=\"embed-responsive\">\n            <video class=\"embed-responsive-item\" data-autoplay=\"1\" loop=\"\" muted=\"1\" autoplay=\"autoplay\" playsinline=\"\">\n              <source src=\"https:\/\/www.nitere.cz\/wp-content\/uploads\/2025\/05\/LP_video_4-3_1440x1080.mp4\" type=\"video\/mp4\">\n              <p>Your browser does not support HTML5 video.<\/p>\n            <\/video>\n          <\/div>\n        <\/div>\n      <\/div>\n    <\/section>\n    <section class=\"u-clearfix u-shading u-section-4\" id=\"sec-fbce\">\n      <div class=\"u-clearfix u-sheet u-valign-bottom-lg u-valign-bottom-sm u-valign-top-xl u-sheet-1\">\n        <h5 class=\"u-align-center u-text u-text-1\">Audio&nbsp;<br>Holografick\u00e9<br>P\u0159edstaven\u00ed \n        <\/h5>\n      <\/div>\n    <\/section>\n    <section class=\"u-black u-clearfix u-container-align-center-xs u-section-5\" id=\"sec-67c0\">\n      <div class=\"u-clearfix u-sheet u-valign-middle-lg u-valign-middle-sm u-valign-top-xl u-sheet-1\">\n        <a href=\"https:\/\/www.nitere.cz\/?page_id=1953\" class=\"u-align-center u-border-2 u-border-hover-black u-border-white u-btn u-button-style u-hover-white u-none u-text-body-alt-color u-text-hover-black u-btn-1\">jdu na web <\/a>\n        <div class=\"u-social-icons u-social-icons-1\">\n          <a class=\"u-social-url\" title=\"facebook\" target=\"_blank\" href=\"https:\/\/www.facebook.com\/niteremusic\"><span class=\"u-file-icon u-icon u-social-facebook u-social-icon u-icon-1\"><img decoding=\"async\" src=\"https:\/\/www.nitere.cz\/wp-content\/uploads\/2024\/10\/c7fd0953.png\" alt=\"\"><\/span>\n          <\/a>\n          <a class=\"u-social-url\" title=\"instagram\" target=\"_blank\" href=\"https:\/\/www.instagram.com\/niteremusic\"><span class=\"u-file-icon u-icon u-social-icon u-social-instagram u-icon-2\"><img decoding=\"async\" src=\"https:\/\/www.nitere.cz\/wp-content\/uploads\/2024\/10\/e6480ac7.png\" alt=\"\"><\/span>\n          <\/a>\n          <a class=\"u-social-url\" title=\"spotify\" target=\"_blank\" href=\"https:\/\/open.spotify.com\/artist\/38uUssZXmRvNDkj3Bhkkcd?si=YZbHCFFhRBmY3dSlvAKeWg\"><span class=\"u-file-icon u-icon u-social-icon u-social-twitter u-icon-3\"><img decoding=\"async\" src=\"https:\/\/www.nitere.cz\/wp-content\/uploads\/2024\/10\/d91e2af0.png\" alt=\"\"><\/span>\n          <\/a>\n          <a class=\"u-social-url\" target=\"_blank\" data-type=\"Custom\" title=\"soundcloud\" href=\"https:\/\/soundcloud.com\/nitere\"><span class=\"u-file-icon u-icon u-social-custom u-social-icon u-icon-4\"><img decoding=\"async\" src=\"https:\/\/www.nitere.cz\/wp-content\/uploads\/2024\/10\/a1b37292.png\" alt=\"\"><\/span>\n          <\/a>\n          <a class=\"u-social-url\" target=\"_blank\" data-type=\"YouTube\" title=\"YouTube\" href=\"http:\/\/www.youtube.com\/@niteremusic\"><span class=\"u-file-icon u-icon u-social-icon u-social-youtube u-icon-5\"><img decoding=\"async\" src=\"https:\/\/www.nitere.cz\/wp-content\/uploads\/2024\/10\/95b21815.png\" alt=\"\"><\/span>\n          <\/a>\n        <\/div>\n      <\/div>\n    <\/section>\n    \n    \n    \n    \n  \n","protected":false},"excerpt":{"rendered":"<p>Your browser does not support HTML5 video. Audio&nbsp;Holografick\u00e9P\u0159edstaven\u00ed jdu na web<\/p>\n","protected":false},"author":1,"featured_media":0,"parent":0,"menu_order":1,"comment_status":"closed","ping_status":"closed","template":"","meta":{"footnotes":""},"class_list":["post-2125","page","type-page","status-publish","hentry"],"_links":{"self":[{"href":"https:\/\/www.nitere.cz\/index.php?rest_route=\/wp\/v2\/pages\/2125","targetHints":{"allow":["GET"]}}],"collection":[{"href":"https:\/\/www.nitere.cz\/index.php?rest_route=\/wp\/v2\/pages"}],"about":[{"href":"https:\/\/www.nitere.cz\/index.php?rest_route=\/wp\/v2\/types\/page"}],"author":[{"embeddable":true,"href":"https:\/\/www.nitere.cz\/index.php?rest_route=\/wp\/v2\/users\/1"}],"replies":[{"embeddable":true,"href":"https:\/\/www.nitere.cz\/index.php?rest_route=%2Fwp%2Fv2%2Fcomments&post=2125"}],"version-history":[{"count":19,"href":"https:\/\/www.nitere.cz\/index.php?rest_route=\/wp\/v2\/pages\/2125\/revisions"}],"predecessor-version":[{"id":2175,"href":"https:\/\/www.nitere.cz\/index.php?rest_route=\/wp\/v2\/pages\/2125\/revisions\/2175"}],"wp:attachment":[{"href":"https:\/\/www.nitere.cz\/index.php?rest_route=%2Fwp%2Fv2%2Fmedia&parent=2125"}],"curies":[{"name":"wp","href":"https:\/\/api.w.org\/{rel}","templated":true}]}}